{"id":17,"date":"2025-01-15T13:20:29","date_gmt":"2025-01-15T13:20:29","guid":{"rendered":"https:\/\/joonastanskanen.fi\/?page_id=17"},"modified":"2025-02-10T16:38:36","modified_gmt":"2025-02-10T16:38:36","slug":"lisaa-joonas-tanskanen","status":"publish","type":"page","link":"https:\/\/joonastanskanen.fi\/?page_id=17","title":{"rendered":"Lis\u00e4\u00e4 minusta"},"content":{"rendered":"\n<p><\/p>\n\n\n\n<p class=\"is-style-text-subtitle\"><strong>&#8221;Asiantuntija, jota kiinnostaa tulevaisuus sek\u00e4 hyvinvointi. Kuuntelija, oppija sek\u00e4 Akaalainen.&#8221;<\/strong><\/p>\n\n\n\n<p><\/p>\n\n\n\n<p>Asuinpaikka: <\/p>\n\n\n\n<p><strong>Akaa, Viiala<\/strong><\/p>\n\n\n\n<p><\/p>\n\n\n\n<p><span style=\"text-decoration: underline;\">Ik\u00e4:<\/span><\/p>\n\n\n\n<p><strong>29 vuotta<\/strong><\/p>\n\n\n\n<p><\/p>\n\n\n\n<p><span style=\"text-decoration: underline;\">Motto:<\/span><\/p>\n\n\n\n<p><strong>Oppiminen ja n\u00f6yryys ovat avaimet menestykseen \u2013 kuuntele, ymm\u00e4rr\u00e4 ja ratkaise.<\/strong><\/p>\n\n\n\n<p><\/p>\n\n\n\n<p><span style=\"text-decoration: underline;\">Harrastukset:<\/span><\/p>\n\n\n\n<p><strong>Ratsastusjousiammunta, tapahtumanj\u00e4rjest\u00e4minen ja aina mahdollisuuksien mukaan vaeltaminen eli eksyminen tarkoituksella mets\u00e4\u00e4n.<\/strong><\/p>\n\n\n\n<p><\/p>\n\n\n\n<p><span style=\"text-decoration: underline;\">Ty\u00f6:<\/span><\/p>\n\n\n\n<p><strong>Business manager, Elisa Oyj<\/strong><\/p>\n\n\n\n<p> <\/p>\n\n\n\n<div class=\"wp-block-columns is-layout-flex wp-container-core-columns-is-layout-28f84493 wp-block-columns-is-layout-flex\">\n<div class=\"wp-block-column is-layout-flow wp-block-column-is-layout-flow\"><\/div>\n<\/div>\n\n\n\n<p class=\"has-text-align-center has-large-font-size\">Henkil\u00f6kuvauksen kirjoitin artikkelina t\u00e4nne:<\/p>\n\n\n\n<p class=\"has-text-align-center has-large-font-size\"><a href=\"https:\/\/joonastanskanen.fi\/?p=33\"><strong>Henkil\u00f6kuvaus<\/strong><\/a><\/p>\n\n\n\n<p class=\"has-text-align-center\"><\/p>\n\n\n\n<p><\/p>\n","protected":false},"excerpt":{"rendered":"<p>&#8221;Asiantuntija, jota kiinnostaa tulevaisuus sek\u00e4 hyvinvointi. Kuuntelija, oppija sek\u00e4 Akaalainen.&#8221; Asuinpaikka: Akaa, Viiala Ik\u00e4: 29 vuotta Motto: Oppiminen ja n\u00f6yryys ovat avaimet menestykseen \u2013 kuuntele, ymm\u00e4rr\u00e4 ja ratkaise. Harrastukset: Ratsastusjousiammunta, tapahtumanj\u00e4rjest\u00e4minen ja aina mahdollisuuksien mukaan vaeltaminen eli eksyminen tarkoituksella mets\u00e4\u00e4n. Ty\u00f6: Business manager, Elisa Oyj Henkil\u00f6kuvauksen kirjoitin artikkelina t\u00e4nne: Henkil\u00f6kuvaus<\/p>\n","protected":false},"author":1,"featured_media":0,"parent":0,"menu_order":0,"comment_status":"closed","ping_status":"closed","template":"","meta":{"footnotes":""},"class_list":["post-17","page","type-page","status-publish","hentry"],"yoast_head":"<!-- This site is optimized with the Yoast SEO plugin v24.4 - https:\/\/yoast.com\/wordpress\/plugins\/seo\/ -->\n<title>Lis\u00e4\u00e4 minusta - Joonas Tanskanen - Kuntavaaliehdokas 2025 - Akaa<\/title>\n<meta name=\"robots\" content=\"index, follow, max-snippet:-1, max-image-preview:large, max-video-preview:-1\" \/>\n<link rel=\"canonical\" href=\"https:\/\/joonastanskanen.fi\/?page_id=17\" \/>\n<meta property=\"og:locale\" content=\"fi_FI\" \/>\n<meta property=\"og:type\" content=\"article\" \/>\n<meta property=\"og:title\" content=\"Lis\u00e4\u00e4 minusta - Joonas Tanskanen - Kuntavaaliehdokas 2025 - Akaa\" \/>\n<meta property=\"og:description\" content=\"&#8221;Asiantuntija, jota kiinnostaa tulevaisuus sek\u00e4 hyvinvointi. Kuuntelija, oppija sek\u00e4 Akaalainen.&#8221; Asuinpaikka: Akaa, Viiala Ik\u00e4: 29 vuotta Motto: Oppiminen ja n\u00f6yryys ovat avaimet menestykseen \u2013 kuuntele, ymm\u00e4rr\u00e4 ja ratkaise. Harrastukset: Ratsastusjousiammunta, tapahtumanj\u00e4rjest\u00e4minen ja aina mahdollisuuksien mukaan vaeltaminen eli eksyminen tarkoituksella mets\u00e4\u00e4n. Ty\u00f6: Business manager, Elisa Oyj Henkil\u00f6kuvauksen kirjoitin artikkelina t\u00e4nne: Henkil\u00f6kuvaus\" \/>\n<meta property=\"og:url\" content=\"https:\/\/joonastanskanen.fi\/?page_id=17\" \/>\n<meta property=\"og:site_name\" content=\"Joonas Tanskanen - Kuntavaaliehdokas 2025 - Akaa\" \/>\n<meta property=\"article:modified_time\" content=\"2025-02-10T16:38:36+00:00\" \/>\n<meta name=\"twitter:card\" content=\"summary_large_image\" \/>\n<meta name=\"twitter:label1\" content=\"Arvioitu lukuaika\" \/>\n\t<meta name=\"twitter:data1\" content=\"1 minuutti\" \/>\n<script type=\"application\/ld+json\" class=\"yoast-schema-graph\">{\"@context\":\"https:\/\/schema.org\",\"@graph\":[{\"@type\":\"WebPage\",\"@id\":\"https:\/\/joonastanskanen.fi\/?page_id=17\",\"url\":\"https:\/\/joonastanskanen.fi\/?page_id=17\",\"name\":\"Lis\u00e4\u00e4 minusta - Joonas Tanskanen - Kuntavaaliehdokas 2025 - Akaa\",\"isPartOf\":{\"@id\":\"https:\/\/joonastanskanen.fi\/#website\"},\"datePublished\":\"2025-01-15T13:20:29+00:00\",\"dateModified\":\"2025-02-10T16:38:36+00:00\",\"breadcrumb\":{\"@id\":\"https:\/\/joonastanskanen.fi\/?page_id=17#breadcrumb\"},\"inLanguage\":\"fi\",\"potentialAction\":[{\"@type\":\"ReadAction\",\"target\":[\"https:\/\/joonastanskanen.fi\/?page_id=17\"]}]},{\"@type\":\"BreadcrumbList\",\"@id\":\"https:\/\/joonastanskanen.fi\/?page_id=17#breadcrumb\",\"itemListElement\":[{\"@type\":\"ListItem\",\"position\":1,\"name\":\"Etusivu\",\"item\":\"https:\/\/joonastanskanen.fi\/\"},{\"@type\":\"ListItem\",\"position\":2,\"name\":\"Lis\u00e4\u00e4 minusta\"}]},{\"@type\":\"WebSite\",\"@id\":\"https:\/\/joonastanskanen.fi\/#website\",\"url\":\"https:\/\/joonastanskanen.fi\/\",\"name\":\"Joonas Tanskanen - Kuntavaaliehdokas 2025 - Akaa\",\"description\":\"Tietoa kuntavaaliehdokkaasta Joonas Tanskanen. \",\"potentialAction\":[{\"@type\":\"SearchAction\",\"target\":{\"@type\":\"EntryPoint\",\"urlTemplate\":\"https:\/\/joonastanskanen.fi\/?s={search_term_string}\"},\"query-input\":{\"@type\":\"PropertyValueSpecification\",\"valueRequired\":true,\"valueName\":\"search_term_string\"}}],\"inLanguage\":\"fi\"}]}<\/script>\n<!-- \/ Yoast SEO plugin. -->","yoast_head_json":{"title":"Lis\u00e4\u00e4 minusta - Joonas Tanskanen - Kuntavaaliehdokas 2025 - Akaa","robots":{"index":"index","follow":"follow","max-snippet":"max-snippet:-1","max-image-preview":"max-image-preview:large","max-video-preview":"max-video-preview:-1"},"canonical":"https:\/\/joonastanskanen.fi\/?page_id=17","og_locale":"fi_FI","og_type":"article","og_title":"Lis\u00e4\u00e4 minusta - Joonas Tanskanen - Kuntavaaliehdokas 2025 - Akaa","og_description":"&#8221;Asiantuntija, jota kiinnostaa tulevaisuus sek\u00e4 hyvinvointi. Kuuntelija, oppija sek\u00e4 Akaalainen.&#8221; Asuinpaikka: Akaa, Viiala Ik\u00e4: 29 vuotta Motto: Oppiminen ja n\u00f6yryys ovat avaimet menestykseen \u2013 kuuntele, ymm\u00e4rr\u00e4 ja ratkaise. Harrastukset: Ratsastusjousiammunta, tapahtumanj\u00e4rjest\u00e4minen ja aina mahdollisuuksien mukaan vaeltaminen eli eksyminen tarkoituksella mets\u00e4\u00e4n. Ty\u00f6: Business manager, Elisa Oyj Henkil\u00f6kuvauksen kirjoitin artikkelina t\u00e4nne: Henkil\u00f6kuvaus","og_url":"https:\/\/joonastanskanen.fi\/?page_id=17","og_site_name":"Joonas Tanskanen - Kuntavaaliehdokas 2025 - Akaa","article_modified_time":"2025-02-10T16:38:36+00:00","twitter_card":"summary_large_image","twitter_misc":{"Arvioitu lukuaika":"1 minuutti"},"schema":{"@context":"https:\/\/schema.org","@graph":[{"@type":"WebPage","@id":"https:\/\/joonastanskanen.fi\/?page_id=17","url":"https:\/\/joonastanskanen.fi\/?page_id=17","name":"Lis\u00e4\u00e4 minusta - Joonas Tanskanen - Kuntavaaliehdokas 2025 - Akaa","isPartOf":{"@id":"https:\/\/joonastanskanen.fi\/#website"},"datePublished":"2025-01-15T13:20:29+00:00","dateModified":"2025-02-10T16:38:36+00:00","breadcrumb":{"@id":"https:\/\/joonastanskanen.fi\/?page_id=17#breadcrumb"},"inLanguage":"fi","potentialAction":[{"@type":"ReadAction","target":["https:\/\/joonastanskanen.fi\/?page_id=17"]}]},{"@type":"BreadcrumbList","@id":"https:\/\/joonastanskanen.fi\/?page_id=17#breadcrumb","itemListElement":[{"@type":"ListItem","position":1,"name":"Etusivu","item":"https:\/\/joonastanskanen.fi\/"},{"@type":"ListItem","position":2,"name":"Lis\u00e4\u00e4 minusta"}]},{"@type":"WebSite","@id":"https:\/\/joonastanskanen.fi\/#website","url":"https:\/\/joonastanskanen.fi\/","name":"Joonas Tanskanen - Kuntavaaliehdokas 2025 - Akaa","description":"Tietoa kuntavaaliehdokkaasta Joonas Tanskanen. ","potentialAction":[{"@type":"SearchAction","target":{"@type":"EntryPoint","urlTemplate":"https:\/\/joonastanskanen.fi\/?s={search_term_string}"},"query-input":{"@type":"PropertyValueSpecification","valueRequired":true,"valueName":"search_term_string"}}],"inLanguage":"fi"}]}},"jetpack_sharing_enabled":true,"_links":{"self":[{"href":"https:\/\/joonastanskanen.fi\/index.php?rest_route=\/wp\/v2\/pages\/17","targetHints":{"allow":["GET"]}}],"collection":[{"href":"https:\/\/joonastanskanen.fi\/index.php?rest_route=\/wp\/v2\/pages"}],"about":[{"href":"https:\/\/joonastanskanen.fi\/index.php?rest_route=\/wp\/v2\/types\/page"}],"author":[{"embeddable":true,"href":"https:\/\/joonastanskanen.fi\/index.php?rest_route=\/wp\/v2\/users\/1"}],"replies":[{"embeddable":true,"href":"https:\/\/joonastanskanen.fi\/index.php?rest_route=%2Fwp%2Fv2%2Fcomments&post=17"}],"version-history":[{"count":9,"href":"https:\/\/joonastanskanen.fi\/index.php?rest_route=\/wp\/v2\/pages\/17\/revisions"}],"predecessor-version":[{"id":49,"href":"https:\/\/joonastanskanen.fi\/index.php?rest_route=\/wp\/v2\/pages\/17\/revisions\/49"}],"wp:attachment":[{"href":"https:\/\/joonastanskanen.fi\/index.php?rest_route=%2Fwp%2Fv2%2Fmedia&parent=17"}],"curies":[{"name":"wp","href":"https:\/\/api.w.org\/{rel}","templated":true}]}}